{"id":3499,"date":"2026-04-26T12:46:53","date_gmt":"2026-04-26T10:46:53","guid":{"rendered":"https:\/\/webshop.blavatskyhouse.org\/?post_type=product&#038;p=3499"},"modified":"2026-04-26T12:46:53","modified_gmt":"2026-04-26T10:46:53","slug":"asoka-indiase-roman-deel-1-de-onstuimige-rajakumara","status":"publish","type":"product","link":"https:\/\/webshop.blavatskyhouse.org\/en\/product\/asoka-indiase-roman-deel-1-de-onstuimige-rajakumara\/","title":{"rendered":"A\u015boka Indiase roman &#8211; Deel 1 &#8211; De onstuimige R\u0101jakum\u0101ra"},"content":{"rendered":"<p>Deze roman gaat over het leven van de R\u0101jakum\u0101ra A\u015boka, later Mah\u0101r\u0101ja, uit het geslacht van de Maurya\u2019s, die regeerde in de derde eeuw BC in Jambudv\u012bpa, het huidige India. Als jonge R\u0101jakum\u0101ra leert hij het rijk van zijn vader Bindusara kennen. Zijn onstuimige, maar eerlijke karakter brengt hem vaak in moeilijkheden. Hij wordt geprezen om zijn moed en fierheid, gevreesd om zijn directe en vaak harde manier van optreden en ook om zijn doortastendheid om list en bedrog van zijn vijanden te doorzien. Als opvolger van zijn vader wordt hij de Wijze Heerser (deel II van deze Indiase roman), een eerlijke doch met straffe hand regerende Mah\u0101r\u0101ja. Dan echter, na vele jaren van zoeken en afwegen, ondergaat hij de diepe wijsheid van de leer van Gautama de Buddha en wordt hij de Grote Maner (deel III), vervuld van mededogen, die zijn rijk bestuurt volgens Buddhistische principes.<\/p>\n<p>Deze prachtige trilogie bevat vele parels van wijsheid. Op onnavolgbare wijze geschreven, schetst het verhaal een beeld van het (religieuze) leven in het oude India, de gemoedstoestanden en karakters van personen en vele wijze leringen. Een boek dat levens kan be\u00efnvloeden en veranderen\u2026<br \/>\nContents<\/p>\n<p>1. De onstuimige R\u0101jakum\u0101ra<br \/>\n2. Djivaka\u2019s offer<br \/>\n3. Het woord van de Cakravartin<br \/>\n4. De boog G\u0101\u1e47\u1e0d\u012bva<br \/>\n5. De chakra-worp<br \/>\n6. Rohini\u2019s vertwijfeling<br \/>\n7. De duistere macht<br \/>\n8. Gevaarlijke bekoring<br \/>\n9. Devaka\u2019s stem kermde door het woud<br \/>\n10. Het verstoorde offer<br \/>\n11. De fakkel van de opstand<br \/>\n12. Susmila\u2019s huis<br \/>\n13. De kreupele Purohita<br \/>\n14. Leproos!<br \/>\n15. Onheil, op weg!<br \/>\n16. Brahm\u0101\u2019s fijne glimlach<br \/>\n17. Mah\u0101deva A\u015boka<br \/>\n18. De twijfel<br \/>\n19. Twee Upar\u0101ja\u2019s<br \/>\n20. De wijze in de woudkluis<br \/>\n21. De goden willen een offer<br \/>\n22. Wie de heerlijkste bloesem draagt<br \/>\n23. De verpletterde sarei<br \/>\n24. G\u0101ndharva in Sanchi<br \/>\n25. Sadvaha\u2019s ziel op de Meru<br \/>\n26. Zwijg, Sanhita!<\/p>","protected":false},"excerpt":{"rendered":"<p>Deze roman gaat over het leven van de R\u0101jakum\u0101ra A\u015boka, later Mah\u0101r\u0101ja, uit het geslacht van de Maurya\u2019s, die regeerde in de derde eeuw BC in Jambudv\u012bpa, het huidige India. Als jonge R\u0101jakum\u0101ra leert hij het rijk van zijn vader Bindusara kennen. Zijn onstuimige, maar eerlijke karakter brengt hem vaak in moeilijkheden. Hij wordt geprezen [&hellip;]<\/p>\n","protected":false},"featured_media":3500,"template":"","meta":{"_et_pb_use_builder":"","_et_pb_old_content":"","_et_gb_content_width":"","inline_featured_image":false},"product_brand":[],"product_cat":[15],"product_tag":[],"class_list":{"0":"post-3499","1":"product","2":"type-product","3":"status-publish","4":"has-post-thumbnail","6":"product_cat-boeken","8":"first","9":"instock","10":"taxable","11":"shipping-taxable","12":"purchasable","13":"product-type-simple"},"_links":{"self":[{"href":"https:\/\/webshop.blavatskyhouse.org\/en\/wp-json\/wp\/v2\/product\/3499","targetHints":{"allow":["GET"]}}],"collection":[{"href":"https:\/\/webshop.blavatskyhouse.org\/en\/wp-json\/wp\/v2\/product"}],"about":[{"href":"https:\/\/webshop.blavatskyhouse.org\/en\/wp-json\/wp\/v2\/types\/product"}],"wp:featuredmedia":[{"embeddable":true,"href":"https:\/\/webshop.blavatskyhouse.org\/en\/wp-json\/wp\/v2\/media\/3500"}],"wp:attachment":[{"href":"https:\/\/webshop.blavatskyhouse.org\/en\/wp-json\/wp\/v2\/media?parent=3499"}],"wp:term":[{"taxonomy":"product_brand","embeddable":true,"href":"https:\/\/webshop.blavatskyhouse.org\/en\/wp-json\/wp\/v2\/product_brand?post=3499"},{"taxonomy":"product_cat","embeddable":true,"href":"https:\/\/webshop.blavatskyhouse.org\/en\/wp-json\/wp\/v2\/product_cat?post=3499"},{"taxonomy":"product_tag","embeddable":true,"href":"https:\/\/webshop.blavatskyhouse.org\/en\/wp-json\/wp\/v2\/product_tag?post=3499"}],"curies":[{"name":"wp","href":"https:\/\/api.w.org\/{rel}","templated":true}]}}