{"id":593,"date":"2021-11-23T17:35:24","date_gmt":"2021-11-23T16:35:24","guid":{"rendered":"https:\/\/tspl.esomnia.me\/product\/juwelen-des-ostens-ein-geburtstagsbuch-aus-regeln-und-aphorismen\/"},"modified":"2026-03-03T13:54:00","modified_gmt":"2026-03-03T12:54:00","slug":"juwelen-des-ostens-ein-geburtstagsbuch-aus-regeln-und-aphorismen","status":"publish","type":"product","link":"https:\/\/webshop.blavatskyhouse.org\/en\/product\/juwelen-des-ostens-ein-geburtstagsbuch-aus-regeln-und-aphorismen\/","title":{"rendered":"Jewels of the Ostens \u2013 A Geburtstagsbuch aus Regeln und Aphorismen"},"content":{"rendered":"<p>Diese Ausgabe ist eine Reproduktion der von HP Blavatsky in London\/England, 1890 publizierten Originalausgabe Gems from de East<br \/>\nThey are your own companions. Tag a source of goodwill for your wonderful pleasure. Neben jedem Spruch k\u00f6nnen Ihre Freunde ihren Namen dem eigenen Geburtstag hindzuf\u00fcgen<\/p>\n<p>Der deutsche Text folgt pr\u00e4zise der englischen Orginaalusgabe<br \/>\nThese are also fine hand tools. Illustrations and the original forms are used since the last days.<br \/>\nThe power that comes with the book is attractive, not present, but it is self-interested, especially, and it is given to others<\/p>\n<p>The book is very interesting for those who know the Alte Weisheit or the Theosophia, it is very interesting and useful, but also for people who know these universes thanks to their first knowledge.<\/p>","protected":false},"excerpt":{"rendered":"<p>Diese Ausgabe ist eine Reproduktion der von H.P. Blavatsky in London\/England, 1890 publizierten Originalausgabe Gems from the East Sie hat f\u00fcr jeden einzelnen Tag einen Weisheitsspruch aus der fern\u00f6stlichen Weisheit gew\u00e4hlt. Neben jedem Spruch k\u00f6nnen Ihre Freunde ihren Namen dem eigenen Geburtstag hinzuf\u00fcgen Der deutsche Text folgt pr\u00e4zise der englischen Orginalausgabe Auch die sehr sch\u00f6nen [&hellip;]<\/p>\n","protected":false},"featured_media":2327,"template":"","meta":{"_et_pb_use_builder":"","_et_pb_old_content":"","_et_gb_content_width":"","inline_featured_image":false},"product_brand":[],"product_cat":[15],"product_tag":[],"class_list":{"0":"post-593","1":"product","2":"type-product","3":"status-publish","4":"has-post-thumbnail","6":"product_cat-boeken","7":"product_shipping_class-boek","9":"first","10":"instock","11":"taxable","12":"shipping-taxable","13":"purchasable","14":"product-type-simple"},"_links":{"self":[{"href":"https:\/\/webshop.blavatskyhouse.org\/en\/wp-json\/wp\/v2\/product\/593","targetHints":{"allow":["GET"]}}],"collection":[{"href":"https:\/\/webshop.blavatskyhouse.org\/en\/wp-json\/wp\/v2\/product"}],"about":[{"href":"https:\/\/webshop.blavatskyhouse.org\/en\/wp-json\/wp\/v2\/types\/product"}],"wp:featuredmedia":[{"embeddable":true,"href":"https:\/\/webshop.blavatskyhouse.org\/en\/wp-json\/wp\/v2\/media\/2327"}],"wp:attachment":[{"href":"https:\/\/webshop.blavatskyhouse.org\/en\/wp-json\/wp\/v2\/media?parent=593"}],"wp:term":[{"taxonomy":"product_brand","embeddable":true,"href":"https:\/\/webshop.blavatskyhouse.org\/en\/wp-json\/wp\/v2\/product_brand?post=593"},{"taxonomy":"product_cat","embeddable":true,"href":"https:\/\/webshop.blavatskyhouse.org\/en\/wp-json\/wp\/v2\/product_cat?post=593"},{"taxonomy":"product_tag","embeddable":true,"href":"https:\/\/webshop.blavatskyhouse.org\/en\/wp-json\/wp\/v2\/product_tag?post=593"}],"curies":[{"name":"wp","href":"https:\/\/api.w.org\/{rel}","templated":true}]}}