{"id":653,"date":"2021-11-23T17:35:48","date_gmt":"2021-11-23T16:35:48","guid":{"rendered":"https:\/\/tspl.esomnia.me\/product\/sieben-juwelen-der-weisheit-universale-philosophie-und-ihre-praktische-anwendung\/"},"modified":"2024-10-25T15:42:05","modified_gmt":"2024-10-25T13:42:05","slug":"sieben-juwelen-der-weisheit-universale-philosophie-und-ihre-praktische-anwendung","status":"publish","type":"product","link":"https:\/\/webshop.blavatskyhouse.org\/en\/product\/sieben-juwelen-der-weisheit-universale-philosophie-und-ihre-praktische-anwendung\/","title":{"rendered":"Sieben Jewels of Weisheit \u2013 Universal Philosophy and practical application"},"content":{"rendered":"<p>In these days we are present when we see the Jewels of Weishness. Mann kann Spuren dieser Lehren in den B\u00fcchern der Weltreligionen und der major philosophischen Systeme. All theosophical readings are available for viewing of your jewelry<\/p>\n<p>Theosophy extends beyond all the reach of human thought. This is all about the fundamental propositions of HP Blavatsky in <i>The Secret Lesson<\/i> (last article) was received. These collections are in sieben prinzipiellen Ideen n\u00e4her ausgef\u00fchrt, genannt &#039;these sieben Jewels of Weisheit&#039;<\/p>\n<p>Theosophy is a universal Quelle des Wissens und der Weisheit. All great spirituellen Lehrer zogen und zeehen noch immer R\u00fcckschl\u00fcsse daraus. Deshalb kann man Theosophie in all the great Religions and Philosophies of the World. It is not dogmatic. You have even more limited designs. Sie ist kein Glaube, den man annehmen sollte. Man sollte siebst pr\u00fcfen. These are the Jewels of Weisheit since there are no Dogmen, without fundamental ideas, which man can recognize in nature and in his own life.<\/p>\n<p><u>Contents:<\/u><br \/>\n1. The Three Fundamental Propositions of Theosophy<br \/>\n2. Reincarnation, the first Jewel<br \/>\n3. Karma, the second jewel<br \/>\n4. Hierarchien, das dritte Juwel<br \/>\n5. Selbst-Werden, the fourth Juwel<br \/>\n6. Progressive Evolution, that&#039;s fun jewelry<br \/>\n7. Die two Pfade, das sechste Jewel<br \/>\n8. Kennis der SELBSTES, das siebente Juwel<br \/>\n9. Die sieben Gewel der Weisheit in den Weltreligionen<br \/>\n10. Sieben Juwelen bei Plato und im Taoismus<\/p>","protected":false},"excerpt":{"rendered":"<p>In dieser Ausgabe pr\u00e4sentieren wir kurz die sieben Juwelen der Weisheit. Mann kann Spuren dieser Lehren in den B\u00fcchern der Weltreligionen und der gro\u00dfen philosophischen Systeme finden. Alle theosophischen Lehren lassen sich auf diese sieben Juwelen zur\u00fcckverfolgen Theosophie erstreckt sich \u00fcber alle Bereiche des menschlichen Denkens. Sie ist allerdings nur auf drei fundamentalen Propositionen aufgebaut, [&hellip;]<\/p>\n","protected":false},"featured_media":1582,"template":"","meta":{"_et_pb_use_builder":"","_et_pb_old_content":"","_et_gb_content_width":"","inline_featured_image":false},"product_brand":[],"product_cat":[15],"product_tag":[],"class_list":{"0":"post-653","1":"product","2":"type-product","3":"status-publish","4":"has-post-thumbnail","6":"product_cat-boeken","7":"product_shipping_class-boek","9":"first","10":"instock","11":"taxable","12":"shipping-taxable","13":"purchasable","14":"product-type-simple"},"_links":{"self":[{"href":"https:\/\/webshop.blavatskyhouse.org\/en\/wp-json\/wp\/v2\/product\/653","targetHints":{"allow":["GET"]}}],"collection":[{"href":"https:\/\/webshop.blavatskyhouse.org\/en\/wp-json\/wp\/v2\/product"}],"about":[{"href":"https:\/\/webshop.blavatskyhouse.org\/en\/wp-json\/wp\/v2\/types\/product"}],"wp:featuredmedia":[{"embeddable":true,"href":"https:\/\/webshop.blavatskyhouse.org\/en\/wp-json\/wp\/v2\/media\/1582"}],"wp:attachment":[{"href":"https:\/\/webshop.blavatskyhouse.org\/en\/wp-json\/wp\/v2\/media?parent=653"}],"wp:term":[{"taxonomy":"product_brand","embeddable":true,"href":"https:\/\/webshop.blavatskyhouse.org\/en\/wp-json\/wp\/v2\/product_brand?post=653"},{"taxonomy":"product_cat","embeddable":true,"href":"https:\/\/webshop.blavatskyhouse.org\/en\/wp-json\/wp\/v2\/product_cat?post=653"},{"taxonomy":"product_tag","embeddable":true,"href":"https:\/\/webshop.blavatskyhouse.org\/en\/wp-json\/wp\/v2\/product_tag?post=653"}],"curies":[{"name":"wp","href":"https:\/\/api.w.org\/{rel}","templated":true}]}}