{"id":673,"date":"2021-11-23T17:35:56","date_gmt":"2021-11-23T16:35:56","guid":{"rendered":"https:\/\/tspl.esomnia.me\/product\/fundamentals-of-the-esoteric-philosophy\/"},"modified":"2026-02-24T14:18:10","modified_gmt":"2026-02-24T13:18:10","slug":"fundamentals-of-the-esoteric-philosophy","status":"publish","type":"product","link":"https:\/\/webshop.blavatskyhouse.org\/en\/product\/fundamentals-of-the-esoteric-philosophy\/","title":{"rendered":"Fundamentals of the Esoteric Philosophy"},"content":{"rendered":"<p>This classic commentary on HP Blavatsky&#039;s Secret Doctrine is now back in print in its original edition, with two appendices and a new expanded index. De Purucker&#039;s comprehensive overview of this \u201cconscious, spiritually purposive universe\u201d, includes the seven jewels of wisdom: including karma, reincarnation, self-becoming, hierarchies, psychology and pneumatology of the universe, space, the boundless all, the microcosm, mirror of the microcosm, interpenetrating spheres of being, the nature of matter and consciousness, etc.<br \/>\nFundamentals is truly, \u201ca viewpoint of the Real, bringing a sense of the unbroken thread of even-extending life \u2026 with \u201cmagic cases\u201d opening upon birth, inner worlds of Reality stimulating one to dare flights of thoughts \u2026 a further unveiling of the Jewels of Esoteric Wisdom begun in HP Blavatsky&#039;s Secret Doctrine<\/p>\n<p><u>Contents:<\/u><br \/>\nPART I<br \/>\n1. The Self: Man&#039;s Inmost Link with the Unutterable. The Esoteric Philosophy: Taught in all the Ancient Religions<br \/>\n2. Where is Reality? Truth can be Known. Man&#039;s Composite Nature according to different Systems: Threefold, Fourfold, Fivefold, or Sevenfold<br \/>\n3. The Doctrine of M\u00e2y\u00e2: Objective Idealism the Basis of Morals: Rooted in the Spiritual Unity\u2013The Divinity\u2013of the All. The Self and the \u201cSelves\u201d<br \/>\n4. From Primordial Point to Universe and Man. How does Manifestation Arise? Manvantara and Pralaya<br \/>\n5. The Esoteric Teachings and the Nebular Theory. Gods behind the Cosmos: Why Nature is Imperfect<br \/>\n6. The Dawn of Manifestation: Laya Centers. A Conscious Universe\u2013Spiritually Purposive. Stoic Doctrine of the Intermingling of all Beings: \u201cLaws of Nature. \u201d Philosophical Polytheism and the Doctrine of Hierarchies<br \/>\n7. \u201cHierarchies\u201d: One of the Lost Keys of the Esoteric Philosophy. The Pythagorean Sacred Tetractys. The Ladder of Life; The Legend of Padmap\u00e2ni<br \/>\n8.Traces of the Esoteric Philosophy in Genesis<br \/>\n9. Outline of Esoteric Cosmogony. Globes, Rounds and Races: Cosmic Time-Periods<br \/>\n10. The Doctrine of Swabh\u00e2va\u2013Self Becoming-Characteristic Individuality. Man, Self-Evolved, His Own Creator. Monadology of Leibnitz Contrasted with Teachings of the Esoteric Philosophy<br \/>\n11. The Cosmic Pilgrimage from Un-Self-Conscious Godpark to Fully Self-Conscious God<br \/>\n12. Psychology: According to the Esoteric Philosophy. Immortality is Conditional: The Loss of the Soul<br \/>\n13. The Process of Evolution. Self, Ego, and Soul: \u201cI Am\u201d and \u201cI Am I\u201d<br \/>\n14. \u201cHeavens\u201d and \u201cHells\u201d: Teachings of the Esoteric Philosophy, and of the Exoteric Religions<br \/>\n15. The Evolution of the \u201cAbsolute\u201d. Generalized Plan of Evolution on all Planes. Seven Keys to Wisdom and Future Initiations<br \/>\n16. Atma-Vidy: How the One Becomes the Many. \u201cLost Souls\u201d and \u201cSoulless Beings\u201d. Man, a Composite Being: No Abiding Principle in Man<br \/>\n17. The Silent Watcher<br \/>\n18. The Spiritual-Psychological Hierarchy of Adepts. The \u201cWondrous-Being\u201d, the Buddhas, Nirm\u00e2nak\u00e2yas, Dhy\u00e2n-chohans<br \/>\n19. The Seven Jewels and the Seven Stages of Invitation<br \/>\n20. The Higher Aspect of Human Psychology. Initiation and the Mysteries: Avat\u00e2ras, Buddhas and Bodhisattvas. Their Relation to Globes, Rounds, and Races<br \/>\n21. Initiations and the Ancient Mysteries. Root Races and their Sub-divisions. Globe Rounds. Planetary Rounds. Solar Kalpas: How Calculated. Racial Cataclysms<br \/>\n22. The Hierarchy of Compassion. The Incarnation of the Manasaputras<br \/>\n23. The Sun and the Planets: Their Role in the Evolutionary Drama<\/p>\n<p>PART II<br \/>\n1. The Ten Stages of Being According to the Syrian System. Esoteric Method of Teaching: Paradoxes: Intuition<br \/>\n2. The Mysteries of Septenary Nature. Correspondences: Globes, Elements, Human Principles. The Seven Sacred Planets of the Ancients. Racial Time-Periods and Catastrophes<br \/>\n3. The Microcosm, a Mirror of the Macrocosm. Elements, Principles, Manifestations of the One Life. Relativity: A Fundamental Conception of the Ancient Wisdom<br \/>\n4. The Two Fundamental Cosmical Hierarchies: Matter and Spirit-Consciousness. Chaos-Theos-Cosmos. God-Monads-Atoms<br \/>\n5. The Adventure of an Atom. Laya Centers: Sun, Comets, and Planets: Soul and Monad. The Keynote of Occultism<br \/>\n6. Space: The Boundless All. Infilled with Interlocking, Interpenetrating Universes. One Action, One Hierarchical Intelligence, One Course of Operation Throughout Nature: One Organism, One Universal Life<br \/>\n7. The Interrelation of Gods, Monads, Atoms\u2013A Key to the Doctrine of Evolution. Successive Emanations: Sheaths. Higher Beings Emanating and Clothing Themselves in Hosts of Lower Beings. Morality Based on the Structure of the Universe<br \/>\n8. The Building of the Cosmos. The Same Fundamental Law Throughout Life and Being: An Endless Ladder of Progress. Analogical Processes of Cosmical and Psychological Development. The River of Life<br \/>\n9. Out of the Invisible into the Visible. From the Visible into the Invisible. The Magnum Opus<br \/>\n10. The Life Wave and the Seven Elements. The Esoteric Philosophy as Taught by the Stoics<br \/>\n11. The Spaces of Space. The Secret Doctrine, a Unifier: Universal Keys. Doctrines of \u201cThe Void\u201d<br \/>\nand of \u201cThe Fullness\u201d Contrasted<br \/>\n12. Occultism and the Mystery Schools. Seven Degrees of Initiation: Man Becomes a God. Seven Cosmic Planes: Our Planetary Chain of Seven Globes on the Four Lower Planes: The Passage of the Life-Wave Therethrough<br \/>\n13. Interpenetrating Spheres of Being. Lokas and Talas: Bi-Polar Cosmical Principles and Elements. The \u201cHeresy of Separateness\u201d<br \/>\n14. The Frame-Work of the Cosmos. Lokas and Talas: Principles and Elements: World\u2013Not States Merely. Space the Ultimate Reality<br \/>\n15. Degeneration and Closing of the Schools of the Mysteries. Neo-Pythagorean and Neo-Platonic Systems: Main Sources of Christian Theology. Esoteric and Exoteric Teachings: Symbolism<br \/>\n16. Theosophy and Occultism. Occultism: The Quintessence of Thruth, Reality: A Complete Whole. Occultism and Moral Responsibility. Our Solar System: A Cosmic Atom: \u201cEgg of Brahm\u00e2\u201d<br \/>\n17. Definitions of Deity: Atheism: Pantheism. Is there a Supreme Personal God? Kosmic Architects and Builders. Really to Know, One must Become<br \/>\n18. The Doctrine of the Spheres. The Universal Solar System and our Solar System. The Seven Sacred Planets: Why \u201cSacred\u201d?<br \/>\n19. The Doctrine of the Spheres in its Four Aspects. The Seven Sacred Planets and their Rectors: Their Relation to our Earth-Chain. The Circulations of the Cosmos: Outer Rounds and Inner Rounds: Sishtas. One Universal Basic Law; As above, so below. The \u201cEye\u201d and the \u201cHeart\u201d Doctrines<br \/>\n20. Analogy: The Life of Man and the Life of a Planetary Chain. Occultism and Ethics: \u201cLive the Life if Thou Wouldst Know the Doctrine\u201d<br \/>\n21. Principles of Thought and Study: Can Occultism be Taught? Ancient Astrology a True Science. Our Earth-Chain of Globes, the Seven Sacred Planets, and the Twelve Zodiacal Signs. Life-Atoms: The Building-Blocks of the Universe<br \/>\n22. Physiology, Psychology, and Pneumatology of the Universe. Ten and Twelve Planes of the Universal Solar System: Intermediate Critical Planes. All Manifested Being a Graded Continuum of Interrelated, Interlocked Hierarchies: Each with its Own Beginning and End. Sishtas and the \u201cSurplus of Life\u201d<br \/>\n23. The Chela-Life. Seven and Ten Life-Waves: The Course of the Monads Around the Seven Globes: Laws of \u201cAcceleration\u201d on the Downward and of \u201cRetardation\u201d on the Upward Arc. Fifth and Sixth Rounders. The Sacred \u201cWord\u201d<br \/>\n24.Teacher and Pupil. Requisites of Chelaship<br \/>\n25. The Heart of the Universe. The Way to Peace, Bliss, Understanding, is Within. The Great Quest: Know Thyself: The Whole Secret of Initiation. Our Responsibility: Ethical Values and the Laws of the Universe: Harmony<\/p>","protected":false},"excerpt":{"rendered":"<p>This classic commentary on H.P. Blavatsky\u2019s Secret Doctrine is now back in print in its original edition, with two appendices and a new expanded index. De Purucker\u2019s comprehensive overview of this \u201cconscious, spiritually purposive universe\u201d, includes the seven jewels of wisdom: including karma, reincarnation, self-becoming, hierarchies, psychology and pneumatology of the universe, space, the boundless [&hellip;]<\/p>\n","protected":false},"featured_media":2429,"template":"","meta":{"_et_pb_use_builder":"","_et_pb_old_content":"","_et_gb_content_width":"","inline_featured_image":false},"product_brand":[],"product_cat":[15],"product_tag":[],"class_list":{"0":"post-673","1":"product","2":"type-product","3":"status-publish","4":"has-post-thumbnail","6":"product_cat-boeken","7":"product_shipping_class-boek","9":"first","10":"instock","11":"taxable","12":"shipping-taxable","13":"purchasable","14":"product-type-simple"},"_links":{"self":[{"href":"https:\/\/webshop.blavatskyhouse.org\/en\/wp-json\/wp\/v2\/product\/673","targetHints":{"allow":["GET"]}}],"collection":[{"href":"https:\/\/webshop.blavatskyhouse.org\/en\/wp-json\/wp\/v2\/product"}],"about":[{"href":"https:\/\/webshop.blavatskyhouse.org\/en\/wp-json\/wp\/v2\/types\/product"}],"wp:featuredmedia":[{"embeddable":true,"href":"https:\/\/webshop.blavatskyhouse.org\/en\/wp-json\/wp\/v2\/media\/2429"}],"wp:attachment":[{"href":"https:\/\/webshop.blavatskyhouse.org\/en\/wp-json\/wp\/v2\/media?parent=673"}],"wp:term":[{"taxonomy":"product_brand","embeddable":true,"href":"https:\/\/webshop.blavatskyhouse.org\/en\/wp-json\/wp\/v2\/product_brand?post=673"},{"taxonomy":"product_cat","embeddable":true,"href":"https:\/\/webshop.blavatskyhouse.org\/en\/wp-json\/wp\/v2\/product_cat?post=673"},{"taxonomy":"product_tag","embeddable":true,"href":"https:\/\/webshop.blavatskyhouse.org\/en\/wp-json\/wp\/v2\/product_tag?post=673"}],"curies":[{"name":"wp","href":"https:\/\/api.w.org\/{rel}","templated":true}]}}