{"id":674,"date":"2021-11-23T17:35:56","date_gmt":"2021-11-23T16:35:56","guid":{"rendered":"https:\/\/tspl.esomnia.me\/product\/grondslagen-der-esoterische-wijsbegeerte\/"},"modified":"2026-03-03T12:00:42","modified_gmt":"2026-03-03T11:00:42","slug":"grondslagen-der-esoterische-wijsbegeerte","status":"publish","type":"product","link":"https:\/\/webshop.blavatskyhouse.org\/en\/product\/grondslagen-der-esoterische-wijsbegeerte\/","title":{"rendered":"Foundations of Esoteric Philosophy"},"content":{"rendered":"<p>This first Dutch edition of the Fundamentals of the Esoteric Philosophy contains the report of a series of 48 meetings, where Gottfried de Purucker explains Helena Petrovna Blavatsky&#039;s masterpiece The Secret Doctrine to a group of students.<br \/>\nGottfried de Purucker was born in 1874 in Suffern, New York, and raised in Geneva. He mastered a total of 13 languages, including Greek, Latin, Hebrew, and in later years Sanskrit. During his study of Western and Eastern sacred books in their original language, he soon came to the conclusion that the explanations and commentaries of Church Fathers and later translators were inadequate and often even incorrect. He also discovered that these sacred texts of the various world religions contained the same ancient, universal truths.<br \/>\nWhen he came across a book on Theosophy, the common core of all religions, he found his own discoveries confirmed. He joined The Theosophical Society, and in 1903 moved to its International Headquarters at Point Loma, California. From 1929 until his death in 1942 he was its Leader.<br \/>\nFor many years he lectured all over America and Europe, and at the International Headquarters in Point Loma he conducted studies for a small group of students, in which he illuminated the esoteric side of Theosophy. In this series of 48 studies, which he gave from 1924 to 1927, he gave them a masterful insight into the 3 Fundamental Propositions and the 7 main lines \u2013 the 7 Jewels of Wisdom \u2013 in The Secret Doctrine.<br \/>\nThe method he uses is unique. It is the method of instruction in the ancient Mystery schools. He begins by briefly indicating a certain subject. In a subsequent chapter he treats this subject in more detail, after which he provides the esoteric key to the subject in a later chapter when the preceding thoughts have been understood.<br \/>\nHerein lies the inestimable value of this book, because it provides the basis for growing towards an ever deeper insight into the ancient Esoteric Philosophy or Theosophy, and thus towards an ever deeper realization of inner connectedness and unity with the ALL.<\/p>\n<p><u>Table of contents:<\/u><br \/>\nPART 1<br \/>\n1. The Self: Man&#039;s Deepest Link with the Ineffable. The Esoteric Philosophy Taught in All the Ancient Religions<\/p>\n<p>2. Where is Reality? Truth can be known. The composite nature of man according to different systems: threefold, fourfold, fivefold or sevenfold<\/p>\n<p>3. The doctrine of Maya: objective idealism the basis of morality: rooted in the spiritual unity \u2013 the divinity \u2013 of the All. The Self and the &#039;selves&#039;<\/p>\n<p>4. From Primordial Point to Universe and Man. How does manifestation begin? Manvantara and Pralaya<\/p>\n<p>5. The Esoteric Teachings and the Nebula Theory. Gods Behind the Cosmos: Why Nature is Imperfect<\/p>\n<p>6. The Dawn of Manifestation: laya-centers. A conscious universe \u2013 spiritually conscious. Stoic doctrine of the intermingling of all beings: &#039;Laws of Nature&#039;. Philosophical Polytheism and the doctrine of Hierarchies<\/p>\n<p>7. &#039;Hierarchies&#039;: one of the lost keys of the Esoteric Philosophy. The Pythagorean sacred Tetractys. The Ladder of Life: the legend of Padmap\u00e2ni<\/p>\n<p>8. Traces of Esoteric Philosophy in Genesis<\/p>\n<p>9. Sketch of Esoteric Cosmogony. Spheres, Rounds and Races: Cosmic Periods<\/p>\n<p>10. The doctrine of Swabhava \u2013 self-realization \u2013 characteristic individuality. Man, self-developed, his own creator. Monadology of Leibnitz opposed to the teachings of Esoteric Philosophy<\/p>\n<p>11. The Cosmic Pilgrimage. From Unself-Aware God-Spark to Fully Self-Aware God<\/p>\n<p>12. Psychology, according to the view of Esoteric Philosophy. Immortality is conditional: the loss of the soul<\/p>\n<p>13. The Process of Evolution. Self, Ego and Soul: &#039;I am&#039; and &#039;I am I&#039;<\/p>\n<p>14. &#039;Heavens&#039; and &#039;Hells&#039;: Teachings of the Esoteric Philosophy and of the Exoteric Religions<\/p>\n<p>15. The Evolution of the &#039;Absolute&#039;. Generalized Plan of Evolution on All Fields. Seven Keys to Wisdom and Future Initiations<\/p>\n<p>16. \u00c2tma-Vidy\u00e2: how the One becomes the Many.<br \/>\n&#039;Lost Souls&#039; and &#039;Soulless Beings&#039;. Man, a Composite Being: No Permanent Principle in Man<\/p>\n<p>17. The Silent Watcher<\/p>\n<p>18. The Spiritual-Psychological Hierarchy of Adepts. The &#039;Wonderful Being&#039;. The Buddhas, Nirm\u00e2nak\u00e2yas, Dhy\u00e2n-Chohans<\/p>\n<p>19. The Seven Jewels and the Seven Steps of Initiation<\/p>\n<p>20. The Higher Aspect of Human Psychology. Initiation and the Mysteries: Avataras, Buddhas and Bodhisattvas. Their Relation to Spheres, Rounds and Races<\/p>\n<p>21. Initiations and the ancient Mysteries, Root Races and their subdivisions. Globe Rounds. Planetary Rounds. Solar Kalpas: how to calculate them. Catastrophes for the Race<\/p>\n<p>22. The Hierarchy of Compassion. The Incarnation of the Manasaputras<\/p>\n<p>23. The Sun and the Planets: Their Role in the Evolutionary Drama<\/p>\n<p>PART II<br \/>\n24. The Ten Degrees of Being According to the Syrian System. Esoteric Way of Teaching: Paradoxes: Intuition<\/p>\n<p>25. The Mysteries of the Sevenfold Nature. Correspondences: Globes, Elements, Human Principles. The Seven Sacred Planets of the Ancients. Periods and Catastrophes Relating to the Races<\/p>\n<p>26. The microcosm, a reflection of the macrocosm. Elements, principles, manifestations of the one Life. Relativity: a fundamental conception of the Ancient Wisdom<\/p>\n<p>27. The two fundamental Cosmic Hierarchies: Matter and Spirit-Consciousness. Chaos \u2013 Theos \u2013 Cosmos: Gods \u2013 Monads \u2013 Atoms<\/p>\n<p>28. The Adventure of an Atom. Laya-Centers: Sun, Comets and Planets: Soul and Monad. The Keynote of Occultism<\/p>\n<p>29. Space: the Boundless All. Filled with interlocking, interpenetrating universes.<br \/>\nOne action, one hierarchical intelligence, one developmental course in all of nature: one organism, one universal life<\/p>\n<p>30. The mutual relation of gods, monads, atoms \u2013 a key to the theory of evolution. Successive emanations: sheaths. Higher beings emanating and clothing themselves in hosts of lower beings. Morality based on the structure of the universe<\/p>\n<p>31. The Construction of the Cosmos. The same fundamental law in all life and being: an endless ladder of progress.<br \/>\nAnalogical processes of cosmic and psychological development.<br \/>\nThe river of life<\/p>\n<p>32. From the invisible into the visible.<br \/>\nFrom the visible into the invisible.<br \/>\nThe Magnum Opus<\/p>\n<p>33. The Life Wave and the Seven Elements. The Esoteric Philosophy as Taught by the Stoics<\/p>\n<p>34. The Spaces of Space. The Secret Doctrine, a synthesiser: universal keys. Teachings of &#039;the Void&#039; and of &#039;the Fullness&#039; contrasted<\/p>\n<p>35. Occultism and the Mystery Schools. Seven degrees of initiation: man becomes a god. Seven cosmic planes: our planetary chain of seven globes on the four lower planes: the passage of the Life-wave through them<\/p>\n<p>36. Interpenetrating planes of Being. Lokas and Talas: Bipolar cosmic Principles and Elements. The &#039;Heresy of Separation&#039;<\/p>\n<p>37. The Construction Plan of the Cosmos. Lokas and Talas: Principles and Elements: worlds \u2013 not merely states. Space the ultimate reality<\/p>\n<p>38. Degeneration and Closure of the Mystery Schools. Neo-Pythagorean and Neo-Platonic Systems: Main Sources of Christian Theology. Esoteric and Exoteric Teachings: Symbolism<\/p>\n<p>39. Theosophy and Occultism. Occultism: the kernel of truth, reality: a complete whole. Occultism and moral responsibility. Our solar system: a Cosmic Atom: &#039;Egg of Brahm\u00e2&#039;<\/p>\n<p>40. Definitions of Deity: Atheism: Pantheism.<br \/>\nIs there a supreme personal god? Cosmic architects and builders. To really know one must be<\/p>\n<p>41. The Doctrine of the Spheres. The Universal Solar System and our Solar System. The Seven Sacred Planets: Why &#039;Sacred&#039;?<\/p>\n<p>42. The Doctrine of the Spheres in its four aspects. The Seven Sacred Planets and their Regents: their relation to our Earth-chain. The Circulations of the Cosmos: Outer Rounds and Inner Rounds: Sishtas.<br \/>\nOne Universal Constitution: As Above, So Below. The Doctrine of the &#039;Eye&#039; and that of the &#039;Heart&#039;<\/p>\n<p>43. Analogy: The Life of Man and the Life of a Planetary Chain. Occultism and Ethics: \u201cLive the Life, if Thou wouldst know the Doctrine\u201d<\/p>\n<p>44. Principles of Thought and Study: Can Occultism Be Taught? Ancient Astrology a True Science. Our Earth Chain of Spheres, the Seven Sacred Planets, and the Twelve Signs of the Zodiac. Life Atoms: the Building Blocks of the Universe<\/p>\n<p>45. Physiology, Psychology and Pneumatology of the Universe. Ten and Twelve Planes of the Universal Solar System: Intermediate Critical Planes. All Manifested Being a Graduated Continuum of Interrelated and Intertwined Hierarchies: Each with its own Beginning and Ending. Sishtas and the &#039;Life Surplus&#039;<\/p>\n<p>46. The Life of the Chelas. Seven and Ten Life-Waves: the Course of the Monads around the Seven Globes: Laws of &#039;Quickening&#039; on the Descending and of &#039;Retardation&#039; on the Ascending Arc. Fifth and Sixth Rounders. The Sacred &#039;Word&#039;<\/p>\n<p>47. Teacher and Pupil. Requirements for Chelaship<\/p>\n<p>48. The Heart of the Universe. The way to peace, happiness, understanding is within. The great task: Know Thyself: the whole secret of initiation.<br \/>\nOur Responsibility: Ethical Values and the Laws of the Universe: Harmony<\/p>\n<p>INDEX<\/p>","protected":false},"excerpt":{"rendered":"<p>Deze eerste Nederlandse uitgave van de Fundamentals of the Esoteric Philosophy bevat het verslag van een serie van 48 bijeenkomsten, waar Gottfried de Purucker aan een groep studenten Helena Petrovna Blavatsky\u2019s meesterwerk De Geheime Leer uitlegt. Gottfried de Purucker werd in 1874 te Suffern, New York, geboren en opgevoed in Gen\u00e8ve. Hij beheerste in totaal [&hellip;]<\/p>","protected":false},"featured_media":1524,"template":"","meta":{"_et_pb_use_builder":"","_et_pb_old_content":"","_et_gb_content_width":"","inline_featured_image":false},"product_brand":[],"product_cat":[15],"product_tag":[],"class_list":{"0":"post-674","1":"product","2":"type-product","3":"status-publish","4":"has-post-thumbnail","6":"product_cat-boeken","7":"product_shipping_class-boek","9":"first","10":"instock","11":"sale","12":"taxable","13":"shipping-taxable","14":"purchasable","15":"product-type-simple"},"_links":{"self":[{"href":"https:\/\/webshop.blavatskyhouse.org\/en\/wp-json\/wp\/v2\/product\/674","targetHints":{"allow":["GET"]}}],"collection":[{"href":"https:\/\/webshop.blavatskyhouse.org\/en\/wp-json\/wp\/v2\/product"}],"about":[{"href":"https:\/\/webshop.blavatskyhouse.org\/en\/wp-json\/wp\/v2\/types\/product"}],"wp:featuredmedia":[{"embeddable":true,"href":"https:\/\/webshop.blavatskyhouse.org\/en\/wp-json\/wp\/v2\/media\/1524"}],"wp:attachment":[{"href":"https:\/\/webshop.blavatskyhouse.org\/en\/wp-json\/wp\/v2\/media?parent=674"}],"wp:term":[{"taxonomy":"product_brand","embeddable":true,"href":"https:\/\/webshop.blavatskyhouse.org\/en\/wp-json\/wp\/v2\/product_brand?post=674"},{"taxonomy":"product_cat","embeddable":true,"href":"https:\/\/webshop.blavatskyhouse.org\/en\/wp-json\/wp\/v2\/product_cat?post=674"},{"taxonomy":"product_tag","embeddable":true,"href":"https:\/\/webshop.blavatskyhouse.org\/en\/wp-json\/wp\/v2\/product_tag?post=674"}],"curies":[{"name":"wp","href":"https:\/\/api.w.org\/{rel}","templated":true}]}}