{"id":699,"date":"2021-11-23T17:36:07","date_gmt":"2021-11-23T16:36:07","guid":{"rendered":"https:\/\/tspl.esomnia.me\/product\/masks-of-odin-the\/"},"modified":"2026-02-24T13:51:10","modified_gmt":"2026-02-24T12:51:10","slug":"masks-of-odin-the","status":"publish","type":"product","link":"https:\/\/webshop.blavatskyhouse.org\/en\/product\/masks-of-odin-the\/","title":{"rendered":"Masks of Odin, The"},"content":{"rendered":"<p>\u201cThe Masks of Odin\u201d opens up a time capsule which has been sealed for ages, revealing the knowledge of a remote antiquity when science, philosophy, and religion were one. Herein the Norse Edda is scrutinized and its tales of gods and heroes, elves and dwarfs are decoded, using Theosophical keys, to yield an overview of cosmic cycles of life on many levels of the World Tree. The myths contain ribald humor as well as grand inspiration. Elsa-Brita Titchenell&#039;s commentary and her fresh translation of the Poetic or Elder Edda provide a key to understanding the timeless wisdom of the bards of antiquity.<\/p>\n<p><u>Contents:<\/u><br \/>\nPART I<br \/>\nCOMMENTARY<br \/>\n1. Myths \u2013 A Time Capsule<br \/>\n2. The Tree of Life \u2013 Yggdrasil<br \/>\n3. Gods and Giants<br \/>\n4. Cosmic Creation<br \/>\n5. Terrestrial Creation<br \/>\n6. Nature&#039;s Kingdoms<br \/>\n7. Rig, Loki, and the Mind<br \/>\n8. Human Death and Rebirth<br \/>\n9. Initiation<\/p>\n<p>PART II<br \/>\nNOTES, TRANSLATED LAYS, AND STORIES<br \/>\n10. V\u00f6lusp\u00e1 (The Sibyl&#039;s Prophecy)<br \/>\n11. Gylfaginning (The Apotheosis of Gylfe)<br \/>\n12. H\u00e1vam\u00e1l (The High One&#039;s Words)<br \/>\n13. Vaftrudnism\u00e1l (The Lay of Illusion)<br \/>\n14. Thor and Loki in Jotunheim (Gianthome)<br \/>\n15. Hymiskv\u00e4det (Hymer&#039;s Lay)<br \/>\n16. Grimnism\u00e1l (Grimner&#039;s Lay)<br \/>\n17. Trymskv\u00e4det (The Theft of Thor&#039;s Hammer)<br \/>\n18. Kv\u00e4det om Rig (The Lay of Rig)<br \/>\n19. Loki Steals the Brisinga Gem<br \/>\n20. Grottas\u00f6ngr (The Song of the Mill)<br \/>\n21. V\u00f6lundskv\u00e4det (The Lay of V\u00f6lund)<br \/>\n22. Lokasenna (Loki&#039;s Flyting)<br \/>\n23. Allvism\u00e1l (The Lay of Allwise)<br \/>\n24. Grogaldern and Fj\u00f6lsvinn&#039;s Ordskifte (The Spells of Groa and Verywise&#039;s Exchange)<br \/>\n25. Skirnism\u00e1l (The Lay of Skirner)<br \/>\n26. V\u00e4gtamskv\u00e4det (The Lay of Waywont)<br \/>\n27. Odens Korpgalder (The Lay of Odin&#039;s Corpse or The Lay of Odin&#039;s Ravens)<br \/>\n28. A Summing Up<\/p>\n<p>PRONUNCIATION GUIDE<br \/>\nGLOSSARY<br \/>\nBIBLIOGRAPHY<br \/>\nINDEX<\/p>","protected":false},"excerpt":{"rendered":"<p>Wisdom of the Ancient Norse<\/p>","protected":false},"featured_media":1135,"template":"","meta":{"_et_pb_use_builder":"","_et_pb_old_content":"","_et_gb_content_width":"","inline_featured_image":false},"product_brand":[],"product_cat":[15],"product_tag":[],"class_list":{"0":"post-699","1":"product","2":"type-product","3":"status-publish","4":"has-post-thumbnail","6":"product_cat-boeken","7":"product_shipping_class-boek","9":"first","10":"instock","11":"taxable","12":"shipping-taxable","13":"purchasable","14":"product-type-simple"},"_links":{"self":[{"href":"https:\/\/webshop.blavatskyhouse.org\/en\/wp-json\/wp\/v2\/product\/699","targetHints":{"allow":["GET"]}}],"collection":[{"href":"https:\/\/webshop.blavatskyhouse.org\/en\/wp-json\/wp\/v2\/product"}],"about":[{"href":"https:\/\/webshop.blavatskyhouse.org\/en\/wp-json\/wp\/v2\/types\/product"}],"wp:featuredmedia":[{"embeddable":true,"href":"https:\/\/webshop.blavatskyhouse.org\/en\/wp-json\/wp\/v2\/media\/1135"}],"wp:attachment":[{"href":"https:\/\/webshop.blavatskyhouse.org\/en\/wp-json\/wp\/v2\/media?parent=699"}],"wp:term":[{"taxonomy":"product_brand","embeddable":true,"href":"https:\/\/webshop.blavatskyhouse.org\/en\/wp-json\/wp\/v2\/product_brand?post=699"},{"taxonomy":"product_cat","embeddable":true,"href":"https:\/\/webshop.blavatskyhouse.org\/en\/wp-json\/wp\/v2\/product_cat?post=699"},{"taxonomy":"product_tag","embeddable":true,"href":"https:\/\/webshop.blavatskyhouse.org\/en\/wp-json\/wp\/v2\/product_tag?post=699"}],"curies":[{"name":"wp","href":"https:\/\/api.w.org\/{rel}","templated":true}]}}