{"id":700,"date":"2021-11-23T17:36:09","date_gmt":"2021-11-23T16:36:09","guid":{"rendered":"https:\/\/tspl.esomnia.me\/product\/maskers-van-odin-de\/"},"modified":"2026-02-24T13:41:24","modified_gmt":"2026-02-24T12:41:24","slug":"maskers-van-odin-de","status":"publish","type":"product","link":"https:\/\/webshop.blavatskyhouse.org\/en\/product\/maskers-van-odin-de\/","title":{"rendered":"Masks of Odin, The"},"content":{"rendered":"<p>The Masks of Odin opens our eyes to wisdom long sealed away, revealing ancient knowledge from a time when science, philosophy, and religion were one.<br \/>\nThe clear translation of the most important songs of the Poetic or Elder Edda and the commentaries and notes by Elsa-Brita Titchenell make the timeless wisdom of the skalds (teachers) understandable.<br \/>\nThe stories of gods and heroes, elves and dwarves, giants and trees of life are deciphered with the help of theosophical keys, so that the reader gains a broader understanding of the cosmic vision in Norse mythology<\/p>\n<p><u>Table of contents:<\/u><br \/>\nExplanations (Part 1)<br \/>\n1. Myths \u2013 a time capsule<br \/>\n2. The Tree of Life \u2013 Yggdrasil<br \/>\n3. Gods and Giants<br \/>\n4. Cosmic Creation<br \/>\n5. The Creation of the Earth<br \/>\n6. The kingdoms of nature<br \/>\n7. Rig, Loki and the Mind<br \/>\n8. Death and Rebirth of Man<br \/>\n9. Initiation<\/p>\n<p>Photographic reproductions from Codex Regius<\/p>\n<p>Notes, Translated Songs and Stories (Part 2)<br \/>\n10. V\u00f6lusp\u00e1 (The Sibyl&#039;s Prophecy)<br \/>\n11. Gylfaginning (The Apotheosis of Gylfe)<br \/>\n12. H\u00e1vam\u00e1l (The Words of the Exalted One)<br \/>\n13. Vaftrudnism\u00e1l (The Song of Illusion)<br \/>\n14. Thor and Loki in Jotunheim (Reuzenheim)<br \/>\n15. Hymiskv\u00e4det (Hymer&#039;s song)<br \/>\n16. Grimnism\u00e1l (Grimner&#039;s song)<br \/>\n17. Trymskv\u00e4det (The Theft of Thor&#039;s Hammer)<br \/>\n18. Kv\u00e4det om Rig (Rig&#039;s song)<br \/>\n19. Loki steals the Brisinga jewel<br \/>\n20. Grottas\u00f6ngr (The Song of the Mill)<br \/>\n21. V\u00f6lundskv\u00e4det (V\u00f6lund&#039;s song)<br \/>\n22. Lokasenna (Loki&#039;s taunt)<br \/>\n23. Allvism\u00e1l (The Song of the All-Knowing)<br \/>\n24. Grogaldern and Fj\u00f6lsvinns Ordskifte (The Spells of Groa and The Exchange of Thoughts with the Ergwise)<br \/>\n25. Skirnism\u00e1l (Skirner&#039;s song)<br \/>\n26. V\u00e4gtamskv\u00e4det (The Pilgrim&#039;s Song)<br \/>\n27. Odens Korpgalder (The Lay of Odin&#039;s Corpse or The Lay of Odin&#039;s Ravens)<br \/>\n28. Summary<\/p>\n<p>Pronunciation of the terms in the Edda<br \/>\nGlossary<br \/>\nBibliography<br \/>\nAbout the author<br \/>\nIndex<\/p>","protected":false},"excerpt":{"rendered":"<p>Old Norse wisdom<\/p>","protected":false},"featured_media":1139,"template":"","meta":{"_et_pb_use_builder":"","_et_pb_old_content":"","_et_gb_content_width":"","inline_featured_image":false},"product_brand":[],"product_cat":[15],"product_tag":[],"class_list":{"0":"post-700","1":"product","2":"type-product","3":"status-publish","4":"has-post-thumbnail","6":"product_cat-boeken","7":"product_shipping_class-boek","9":"first","10":"instock","11":"taxable","12":"shipping-taxable","13":"purchasable","14":"product-type-simple"},"_links":{"self":[{"href":"https:\/\/webshop.blavatskyhouse.org\/en\/wp-json\/wp\/v2\/product\/700","targetHints":{"allow":["GET"]}}],"collection":[{"href":"https:\/\/webshop.blavatskyhouse.org\/en\/wp-json\/wp\/v2\/product"}],"about":[{"href":"https:\/\/webshop.blavatskyhouse.org\/en\/wp-json\/wp\/v2\/types\/product"}],"wp:featuredmedia":[{"embeddable":true,"href":"https:\/\/webshop.blavatskyhouse.org\/en\/wp-json\/wp\/v2\/media\/1139"}],"wp:attachment":[{"href":"https:\/\/webshop.blavatskyhouse.org\/en\/wp-json\/wp\/v2\/media?parent=700"}],"wp:term":[{"taxonomy":"product_brand","embeddable":true,"href":"https:\/\/webshop.blavatskyhouse.org\/en\/wp-json\/wp\/v2\/product_brand?post=700"},{"taxonomy":"product_cat","embeddable":true,"href":"https:\/\/webshop.blavatskyhouse.org\/en\/wp-json\/wp\/v2\/product_cat?post=700"},{"taxonomy":"product_tag","embeddable":true,"href":"https:\/\/webshop.blavatskyhouse.org\/en\/wp-json\/wp\/v2\/product_tag?post=700"}],"curies":[{"name":"wp","href":"https:\/\/api.w.org\/{rel}","templated":true}]}}