{"id":745,"date":"2021-11-23T17:36:29","date_gmt":"2021-11-23T16:36:29","guid":{"rendered":"https:\/\/tspl.esomnia.me\/product\/einmal-um-die-sonne\/"},"modified":"2024-10-25T15:37:00","modified_gmt":"2024-10-25T13:37:00","slug":"einmal-um-die-sonne","status":"publish","type":"product","link":"https:\/\/webshop.blavatskyhouse.org\/en\/product\/einmal-um-die-sonne\/","title":{"rendered":"Once around the sun"},"content":{"rendered":"<p>MAL SIEHT MAN IHN, mal wieder nicht. Auf der Reise unserer Erde um die Sonne ist Onkel Pfefferkorn Peters standiger Begleiter \u2013 but wenn there is not immer visible \u2013 and immer prepared. Peters mannigfaltige Fragen zu answered. If Peter cares about Onkel Pfefferkorn das GROSSE JAHR, \u00f6ffnen sich Peters Augen und Ohren f\u00fcr die Magie der Natur.<br \/>\nPl\u00f6tzlich can speak with the Tieren und Pflanzen, yes even with the Stones and the More, with the residents of Wald, Flur, Himmel, Wasser and Erde. So lernt Peter, wie sie alle die von der Wanderung der Erde um die Sonne verursachten Jahreszeiten durchleben.<\/p>\n<p>AS A FANTASY WRITE, SPRICHT diese Geschichte insondere die Vorstellungskraft young Menschen an. You have a sense of unity with our living nature, you have a sense of enjoyment in this and that you have the idea of a well-organized universe \u2013 your living space, in which everything you live with is different.<\/p>","protected":false},"excerpt":{"rendered":"<p>MAL SIEHT MAN IHN, mal wieder nicht. Auf der Reise unserer Erde um die Sonne ist Onkel Pfefferkorn Peters st\u00e4ndiger Begleiter \u2013 auch wenn er nicht immer sichtbar ist \u2013 und immer bereitet. Peters mannigfaltige Fragen zu beantworten. Als Peter schlie\u00dflich von Onkel Pfefferkorn das GROSSE JAHR bekommt, \u00f6ffnen sich Peters Augen und Ohren f\u00fcr [&hellip;]<\/p>\n","protected":false},"featured_media":1585,"template":"","meta":{"_et_pb_use_builder":"","_et_pb_old_content":"","_et_gb_content_width":"","inline_featured_image":false},"product_brand":[],"product_cat":[15],"product_tag":[],"class_list":{"0":"post-745","1":"product","2":"type-product","3":"status-publish","4":"has-post-thumbnail","6":"product_cat-boeken","7":"product_shipping_class-boek","9":"first","10":"instock","11":"taxable","12":"shipping-taxable","13":"purchasable","14":"product-type-simple"},"_links":{"self":[{"href":"https:\/\/webshop.blavatskyhouse.org\/en\/wp-json\/wp\/v2\/product\/745","targetHints":{"allow":["GET"]}}],"collection":[{"href":"https:\/\/webshop.blavatskyhouse.org\/en\/wp-json\/wp\/v2\/product"}],"about":[{"href":"https:\/\/webshop.blavatskyhouse.org\/en\/wp-json\/wp\/v2\/types\/product"}],"wp:featuredmedia":[{"embeddable":true,"href":"https:\/\/webshop.blavatskyhouse.org\/en\/wp-json\/wp\/v2\/media\/1585"}],"wp:attachment":[{"href":"https:\/\/webshop.blavatskyhouse.org\/en\/wp-json\/wp\/v2\/media?parent=745"}],"wp:term":[{"taxonomy":"product_brand","embeddable":true,"href":"https:\/\/webshop.blavatskyhouse.org\/en\/wp-json\/wp\/v2\/product_brand?post=745"},{"taxonomy":"product_cat","embeddable":true,"href":"https:\/\/webshop.blavatskyhouse.org\/en\/wp-json\/wp\/v2\/product_cat?post=745"},{"taxonomy":"product_tag","embeddable":true,"href":"https:\/\/webshop.blavatskyhouse.org\/en\/wp-json\/wp\/v2\/product_tag?post=745"}],"curies":[{"name":"wp","href":"https:\/\/api.w.org\/{rel}","templated":true}]}}